{"id":218,"date":"2023-10-10T14:26:33","date_gmt":"2023-10-10T12:26:33","guid":{"rendered":"http:\/\/vbi.hr\/marine-products\/"},"modified":"2023-11-01T15:13:49","modified_gmt":"2023-11-01T14:13:49","slug":"marine-products","status":"publish","type":"page","link":"https:\/\/vbi.hr\/hr\/marine-products\/","title":{"rendered":"Pomorski proizvodi"},"content":{"rendered":"<p>Pru\u017eamo brza, pouzdana i ekonomi\u010dna rje\u0161enja za sve va\u0161e zahtjeve, bilo da se radi o pomorskoj opremi ili originalnim i zamjenskim rezervnim dijelovima.<\/p>\n<p>Na\u0161 asortiman proizvoda:<\/p>\n<ul>\n<li>Glavni motori i propulzijski sustavi<\/li>\n<li>Pomo\u0107ni motori i zra\u010dni kompresori<\/li>\n<li>Pro\u010dista\u010di zauljene vode, separatori goriva i generatori vode<\/li>\n<li>Izmjenjiva\u010di topline, pumpe, ventili i filtri<\/li>\n<li>Oprema za spa\u0161avanje i ga\u0161enje po\u017eara<\/li>\n<li>I vi\u0161e<\/li>\n<\/ul>\n","protected":false},"excerpt":{"rendered":"<p>Pru\u017eamo brza, pouzdana i ekonomi\u010dna rje\u0161enja za sve va\u0161e zahtjeve, bilo da se radi o [&hellip;]<\/p>\n","protected":false},"author":1,"featured_media":233,"parent":0,"menu_order":0,"comment_status":"closed","ping_status":"closed","template":"template-solutions.php","meta":{"_acf_changed":false,"footnotes":""},"class_list":["post-218","page","type-page","status-publish","has-post-thumbnail","hentry"],"acf":[],"yoast_head":"<!-- This site is optimized with the Yoast SEO plugin v23.7 - https:\/\/yoast.com\/wordpress\/plugins\/seo\/ -->\n<title>Pomorski proizvodi - VB International d.o.o.<\/title>\n<meta name=\"robots\" content=\"index, follow, max-snippet:-1, max-image-preview:large, max-video-preview:-1\" \/>\n<link rel=\"canonical\" href=\"https:\/\/vbi.hr\/hr\/marine-products\/\" \/>\n<meta property=\"og:locale\" content=\"hr_HR\" \/>\n<meta property=\"og:type\" content=\"article\" \/>\n<meta property=\"og:title\" content=\"Pomorski proizvodi - VB International d.o.o.\" \/>\n<meta property=\"og:description\" content=\"Pru\u017eamo brza, pouzdana i ekonomi\u010dna rje\u0161enja za sve va\u0161e zahtjeve, bilo da se radi o [&hellip;]\" \/>\n<meta property=\"og:url\" content=\"https:\/\/vbi.hr\/hr\/marine-products\/\" \/>\n<meta property=\"og:site_name\" content=\"VB International d.o.o.\" \/>\n<meta property=\"article:publisher\" content=\"https:\/\/www.facebook.com\/profile.php?id=61551015485419\" \/>\n<meta property=\"article:modified_time\" content=\"2023-11-01T14:13:49+00:00\" \/>\n<meta property=\"og:image\" content=\"https:\/\/vbi.hr\/wp-content\/uploads\/2023\/10\/Marine_products.jpg\" \/>\n\t<meta property=\"og:image:width\" content=\"1064\" \/>\n\t<meta property=\"og:image:height\" content=\"760\" \/>\n\t<meta property=\"og:image:type\" content=\"image\/jpeg\" \/>\n<meta name=\"twitter:card\" content=\"summary_large_image\" \/>\n<script type=\"application\/ld+json\" class=\"yoast-schema-graph\">{\"@context\":\"https:\/\/schema.org\",\"@graph\":[{\"@type\":\"WebPage\",\"@id\":\"https:\/\/vbi.hr\/hr\/marine-products\/\",\"url\":\"https:\/\/vbi.hr\/hr\/marine-products\/\",\"name\":\"Pomorski proizvodi - VB International d.o.o.\",\"isPartOf\":{\"@id\":\"https:\/\/vbi.hr\/#website\"},\"primaryImageOfPage\":{\"@id\":\"https:\/\/vbi.hr\/hr\/marine-products\/#primaryimage\"},\"image\":{\"@id\":\"https:\/\/vbi.hr\/hr\/marine-products\/#primaryimage\"},\"thumbnailUrl\":\"https:\/\/vbi.hr\/wp-content\/uploads\/2023\/10\/Marine_products.jpg\",\"datePublished\":\"2023-10-10T12:26:33+00:00\",\"dateModified\":\"2023-11-01T14:13:49+00:00\",\"breadcrumb\":{\"@id\":\"https:\/\/vbi.hr\/hr\/marine-products\/#breadcrumb\"},\"inLanguage\":\"hr\",\"potentialAction\":[{\"@type\":\"ReadAction\",\"target\":[\"https:\/\/vbi.hr\/hr\/marine-products\/\"]}]},{\"@type\":\"ImageObject\",\"inLanguage\":\"hr\",\"@id\":\"https:\/\/vbi.hr\/hr\/marine-products\/#primaryimage\",\"url\":\"https:\/\/vbi.hr\/wp-content\/uploads\/2023\/10\/Marine_products.jpg\",\"contentUrl\":\"https:\/\/vbi.hr\/wp-content\/uploads\/2023\/10\/Marine_products.jpg\",\"width\":1064,\"height\":760},{\"@type\":\"BreadcrumbList\",\"@id\":\"https:\/\/vbi.hr\/hr\/marine-products\/#breadcrumb\",\"itemListElement\":[{\"@type\":\"ListItem\",\"position\":1,\"name\":\"Home\",\"item\":\"http:\/\/vbi.hr\/hr\/\"},{\"@type\":\"ListItem\",\"position\":2,\"name\":\"Pomorski proizvodi\"}]},{\"@type\":\"WebSite\",\"@id\":\"https:\/\/vbi.hr\/#website\",\"url\":\"https:\/\/vbi.hr\/\",\"name\":\"VB International d.o.o.\",\"description\":\"\",\"publisher\":{\"@id\":\"https:\/\/vbi.hr\/#organization\"},\"potentialAction\":[{\"@type\":\"SearchAction\",\"target\":{\"@type\":\"EntryPoint\",\"urlTemplate\":\"https:\/\/vbi.hr\/?s={search_term_string}\"},\"query-input\":{\"@type\":\"PropertyValueSpecification\",\"valueRequired\":true,\"valueName\":\"search_term_string\"}}],\"inLanguage\":\"hr\"},{\"@type\":\"Organization\",\"@id\":\"https:\/\/vbi.hr\/#organization\",\"name\":\"VB International d.o.o.\",\"url\":\"https:\/\/vbi.hr\/\",\"logo\":{\"@type\":\"ImageObject\",\"inLanguage\":\"hr\",\"@id\":\"https:\/\/vbi.hr\/#\/schema\/logo\/image\/\",\"url\":\"https:\/\/vbi.hr\/wp-content\/uploads\/2023\/11\/vbi-logo.svg\",\"contentUrl\":\"https:\/\/vbi.hr\/wp-content\/uploads\/2023\/11\/vbi-logo.svg\",\"width\":1,\"height\":1,\"caption\":\"VB International d.o.o.\"},\"image\":{\"@id\":\"https:\/\/vbi.hr\/#\/schema\/logo\/image\/\"},\"sameAs\":[\"https:\/\/www.facebook.com\/profile.php?id=61551015485419\",\"https:\/\/www.instagram.com\/vb.international\/\",\"https:\/\/www.linkedin.com\/company\/vbinternational\/\"]}]}<\/script>\n<!-- \/ Yoast SEO plugin. -->","yoast_head_json":{"title":"Pomorski proizvodi - VB International d.o.o.","robots":{"index":"index","follow":"follow","max-snippet":"max-snippet:-1","max-image-preview":"max-image-preview:large","max-video-preview":"max-video-preview:-1"},"canonical":"https:\/\/vbi.hr\/hr\/marine-products\/","og_locale":"hr_HR","og_type":"article","og_title":"Pomorski proizvodi - VB International d.o.o.","og_description":"Pru\u017eamo brza, pouzdana i ekonomi\u010dna rje\u0161enja za sve va\u0161e zahtjeve, bilo da se radi o [&hellip;]","og_url":"https:\/\/vbi.hr\/hr\/marine-products\/","og_site_name":"VB International d.o.o.","article_publisher":"https:\/\/www.facebook.com\/profile.php?id=61551015485419","article_modified_time":"2023-11-01T14:13:49+00:00","og_image":[{"width":1064,"height":760,"url":"https:\/\/vbi.hr\/wp-content\/uploads\/2023\/10\/Marine_products.jpg","type":"image\/jpeg"}],"twitter_card":"summary_large_image","schema":{"@context":"https:\/\/schema.org","@graph":[{"@type":"WebPage","@id":"https:\/\/vbi.hr\/hr\/marine-products\/","url":"https:\/\/vbi.hr\/hr\/marine-products\/","name":"Pomorski proizvodi - VB International d.o.o.","isPartOf":{"@id":"https:\/\/vbi.hr\/#website"},"primaryImageOfPage":{"@id":"https:\/\/vbi.hr\/hr\/marine-products\/#primaryimage"},"image":{"@id":"https:\/\/vbi.hr\/hr\/marine-products\/#primaryimage"},"thumbnailUrl":"https:\/\/vbi.hr\/wp-content\/uploads\/2023\/10\/Marine_products.jpg","datePublished":"2023-10-10T12:26:33+00:00","dateModified":"2023-11-01T14:13:49+00:00","breadcrumb":{"@id":"https:\/\/vbi.hr\/hr\/marine-products\/#breadcrumb"},"inLanguage":"hr","potentialAction":[{"@type":"ReadAction","target":["https:\/\/vbi.hr\/hr\/marine-products\/"]}]},{"@type":"ImageObject","inLanguage":"hr","@id":"https:\/\/vbi.hr\/hr\/marine-products\/#primaryimage","url":"https:\/\/vbi.hr\/wp-content\/uploads\/2023\/10\/Marine_products.jpg","contentUrl":"https:\/\/vbi.hr\/wp-content\/uploads\/2023\/10\/Marine_products.jpg","width":1064,"height":760},{"@type":"BreadcrumbList","@id":"https:\/\/vbi.hr\/hr\/marine-products\/#breadcrumb","itemListElement":[{"@type":"ListItem","position":1,"name":"Home","item":"http:\/\/vbi.hr\/hr\/"},{"@type":"ListItem","position":2,"name":"Pomorski proizvodi"}]},{"@type":"WebSite","@id":"https:\/\/vbi.hr\/#website","url":"https:\/\/vbi.hr\/","name":"VB International d.o.o.","description":"","publisher":{"@id":"https:\/\/vbi.hr\/#organization"},"potentialAction":[{"@type":"SearchAction","target":{"@type":"EntryPoint","urlTemplate":"https:\/\/vbi.hr\/?s={search_term_string}"},"query-input":{"@type":"PropertyValueSpecification","valueRequired":true,"valueName":"search_term_string"}}],"inLanguage":"hr"},{"@type":"Organization","@id":"https:\/\/vbi.hr\/#organization","name":"VB International d.o.o.","url":"https:\/\/vbi.hr\/","logo":{"@type":"ImageObject","inLanguage":"hr","@id":"https:\/\/vbi.hr\/#\/schema\/logo\/image\/","url":"https:\/\/vbi.hr\/wp-content\/uploads\/2023\/11\/vbi-logo.svg","contentUrl":"https:\/\/vbi.hr\/wp-content\/uploads\/2023\/11\/vbi-logo.svg","width":1,"height":1,"caption":"VB International d.o.o."},"image":{"@id":"https:\/\/vbi.hr\/#\/schema\/logo\/image\/"},"sameAs":["https:\/\/www.facebook.com\/profile.php?id=61551015485419","https:\/\/www.instagram.com\/vb.international\/","https:\/\/www.linkedin.com\/company\/vbinternational\/"]}]}},"_links":{"self":[{"href":"https:\/\/vbi.hr\/hr\/wp-json\/wp\/v2\/pages\/218","targetHints":{"allow":["GET"]}}],"collection":[{"href":"https:\/\/vbi.hr\/hr\/wp-json\/wp\/v2\/pages"}],"about":[{"href":"https:\/\/vbi.hr\/hr\/wp-json\/wp\/v2\/types\/page"}],"author":[{"embeddable":true,"href":"https:\/\/vbi.hr\/hr\/wp-json\/wp\/v2\/users\/1"}],"replies":[{"embeddable":true,"href":"https:\/\/vbi.hr\/hr\/wp-json\/wp\/v2\/comments?post=218"}],"version-history":[{"count":5,"href":"https:\/\/vbi.hr\/hr\/wp-json\/wp\/v2\/pages\/218\/revisions"}],"predecessor-version":[{"id":311,"href":"https:\/\/vbi.hr\/hr\/wp-json\/wp\/v2\/pages\/218\/revisions\/311"}],"wp:featuredmedia":[{"embeddable":true,"href":"https:\/\/vbi.hr\/hr\/wp-json\/wp\/v2\/media\/233"}],"wp:attachment":[{"href":"https:\/\/vbi.hr\/hr\/wp-json\/wp\/v2\/media?parent=218"}],"curies":[{"name":"wp","href":"https:\/\/api.w.org\/{rel}","templated":true}]}}