{"id":224,"date":"2023-10-10T14:24:21","date_gmt":"2023-10-10T12:24:21","guid":{"rendered":"http:\/\/vbi.hr\/who-we-are\/"},"modified":"2023-11-06T11:36:11","modified_gmt":"2023-11-06T10:36:11","slug":"who-we-are","status":"publish","type":"page","link":"http:\/\/vbi.hr\/hr\/who-we-are\/","title":{"rendered":"Tko smo"},"content":{"rendered":"<h3>Na\u0161a pri\u010da<\/h3>\n<p>Mi smo obiteljska tvrtka s vi\u0161e od 20 godina iskustva u pomorstvu.<\/p>\n<p>Nudimo sveobuhvatan asortiman vrhunske pomorske opreme originalnih i zamjenskih rezervnih dijelova u skladu na\u0161om ustrajnom predano\u0161\u0107u izvrsnosti.<\/p>\n<p>Imaju\u0107i svoje klijente u fokusu, pru\u017eamo inovativna, pouzdana i odr\u017eiva pomorska rje\u0161enja.<\/p>\n","protected":false},"excerpt":{"rendered":"<p>Na\u0161a pri\u010da Mi smo obiteljska tvrtka s vi\u0161e od 20 godina iskustva u pomorstvu. Nudimo [&hellip;]<\/p>\n","protected":false},"author":1,"featured_media":75,"parent":0,"menu_order":0,"comment_status":"closed","ping_status":"closed","template":"template-about.php","meta":{"_acf_changed":false,"footnotes":""},"class_list":["post-224","page","type-page","status-publish","has-post-thumbnail","hentry"],"acf":[],"yoast_head":"<!-- This site is optimized with the Yoast SEO plugin v23.7 - https:\/\/yoast.com\/wordpress\/plugins\/seo\/ -->\n<title>Tko smo - VB International d.o.o.<\/title>\n<meta name=\"robots\" content=\"index, follow, max-snippet:-1, max-image-preview:large, max-video-preview:-1\" \/>\n<link rel=\"canonical\" href=\"http:\/\/vbi.hr\/hr\/who-we-are\/\" \/>\n<meta property=\"og:locale\" content=\"hr_HR\" \/>\n<meta property=\"og:type\" content=\"article\" \/>\n<meta property=\"og:title\" content=\"Tko smo - VB International d.o.o.\" \/>\n<meta property=\"og:description\" content=\"Na\u0161a pri\u010da Mi smo obiteljska tvrtka s vi\u0161e od 20 godina iskustva u pomorstvu. Nudimo [&hellip;]\" \/>\n<meta property=\"og:url\" content=\"http:\/\/vbi.hr\/hr\/who-we-are\/\" \/>\n<meta property=\"og:site_name\" content=\"VB International d.o.o.\" \/>\n<meta property=\"article:publisher\" content=\"https:\/\/www.facebook.com\/profile.php?id=61551015485419\" \/>\n<meta property=\"article:modified_time\" content=\"2023-11-06T10:36:11+00:00\" \/>\n<meta property=\"og:image\" content=\"http:\/\/vbi.hr\/wp-content\/uploads\/2023\/10\/image1-1024x682.jpg\" \/>\n\t<meta property=\"og:image:width\" content=\"1024\" \/>\n\t<meta property=\"og:image:height\" content=\"682\" \/>\n\t<meta property=\"og:image:type\" content=\"image\/jpeg\" \/>\n<meta name=\"twitter:card\" content=\"summary_large_image\" \/>\n<script type=\"application\/ld+json\" class=\"yoast-schema-graph\">{\"@context\":\"https:\/\/schema.org\",\"@graph\":[{\"@type\":\"WebPage\",\"@id\":\"http:\/\/vbi.hr\/hr\/who-we-are\/\",\"url\":\"http:\/\/vbi.hr\/hr\/who-we-are\/\",\"name\":\"Tko smo - VB International d.o.o.\",\"isPartOf\":{\"@id\":\"https:\/\/vbi.hr\/#website\"},\"primaryImageOfPage\":{\"@id\":\"http:\/\/vbi.hr\/hr\/who-we-are\/#primaryimage\"},\"image\":{\"@id\":\"http:\/\/vbi.hr\/hr\/who-we-are\/#primaryimage\"},\"thumbnailUrl\":\"http:\/\/vbi.hr\/wp-content\/uploads\/2023\/10\/image1.jpg\",\"datePublished\":\"2023-10-10T12:24:21+00:00\",\"dateModified\":\"2023-11-06T10:36:11+00:00\",\"breadcrumb\":{\"@id\":\"http:\/\/vbi.hr\/hr\/who-we-are\/#breadcrumb\"},\"inLanguage\":\"hr\",\"potentialAction\":[{\"@type\":\"ReadAction\",\"target\":[\"http:\/\/vbi.hr\/hr\/who-we-are\/\"]}]},{\"@type\":\"ImageObject\",\"inLanguage\":\"hr\",\"@id\":\"http:\/\/vbi.hr\/hr\/who-we-are\/#primaryimage\",\"url\":\"http:\/\/vbi.hr\/wp-content\/uploads\/2023\/10\/image1.jpg\",\"contentUrl\":\"http:\/\/vbi.hr\/wp-content\/uploads\/2023\/10\/image1.jpg\",\"width\":1920,\"height\":1279},{\"@type\":\"BreadcrumbList\",\"@id\":\"http:\/\/vbi.hr\/hr\/who-we-are\/#breadcrumb\",\"itemListElement\":[{\"@type\":\"ListItem\",\"position\":1,\"name\":\"Home\",\"item\":\"http:\/\/vbi.hr\/hr\/\"},{\"@type\":\"ListItem\",\"position\":2,\"name\":\"Tko smo\"}]},{\"@type\":\"WebSite\",\"@id\":\"https:\/\/vbi.hr\/#website\",\"url\":\"https:\/\/vbi.hr\/\",\"name\":\"VB International d.o.o.\",\"description\":\"\",\"publisher\":{\"@id\":\"https:\/\/vbi.hr\/#organization\"},\"potentialAction\":[{\"@type\":\"SearchAction\",\"target\":{\"@type\":\"EntryPoint\",\"urlTemplate\":\"https:\/\/vbi.hr\/?s={search_term_string}\"},\"query-input\":{\"@type\":\"PropertyValueSpecification\",\"valueRequired\":true,\"valueName\":\"search_term_string\"}}],\"inLanguage\":\"hr\"},{\"@type\":\"Organization\",\"@id\":\"https:\/\/vbi.hr\/#organization\",\"name\":\"VB International d.o.o.\",\"url\":\"https:\/\/vbi.hr\/\",\"logo\":{\"@type\":\"ImageObject\",\"inLanguage\":\"hr\",\"@id\":\"https:\/\/vbi.hr\/#\/schema\/logo\/image\/\",\"url\":\"https:\/\/vbi.hr\/wp-content\/uploads\/2023\/11\/vbi-logo.svg\",\"contentUrl\":\"https:\/\/vbi.hr\/wp-content\/uploads\/2023\/11\/vbi-logo.svg\",\"width\":1,\"height\":1,\"caption\":\"VB International d.o.o.\"},\"image\":{\"@id\":\"https:\/\/vbi.hr\/#\/schema\/logo\/image\/\"},\"sameAs\":[\"https:\/\/www.facebook.com\/profile.php?id=61551015485419\",\"https:\/\/www.instagram.com\/vb.international\/\",\"https:\/\/www.linkedin.com\/company\/vbinternational\/\"]}]}<\/script>\n<!-- \/ Yoast SEO plugin. -->","yoast_head_json":{"title":"Tko smo - VB International d.o.o.","robots":{"index":"index","follow":"follow","max-snippet":"max-snippet:-1","max-image-preview":"max-image-preview:large","max-video-preview":"max-video-preview:-1"},"canonical":"http:\/\/vbi.hr\/hr\/who-we-are\/","og_locale":"hr_HR","og_type":"article","og_title":"Tko smo - VB International d.o.o.","og_description":"Na\u0161a pri\u010da Mi smo obiteljska tvrtka s vi\u0161e od 20 godina iskustva u pomorstvu. Nudimo [&hellip;]","og_url":"http:\/\/vbi.hr\/hr\/who-we-are\/","og_site_name":"VB International d.o.o.","article_publisher":"https:\/\/www.facebook.com\/profile.php?id=61551015485419","article_modified_time":"2023-11-06T10:36:11+00:00","og_image":[{"width":1024,"height":682,"url":"http:\/\/vbi.hr\/wp-content\/uploads\/2023\/10\/image1-1024x682.jpg","type":"image\/jpeg"}],"twitter_card":"summary_large_image","schema":{"@context":"https:\/\/schema.org","@graph":[{"@type":"WebPage","@id":"http:\/\/vbi.hr\/hr\/who-we-are\/","url":"http:\/\/vbi.hr\/hr\/who-we-are\/","name":"Tko smo - VB International d.o.o.","isPartOf":{"@id":"https:\/\/vbi.hr\/#website"},"primaryImageOfPage":{"@id":"http:\/\/vbi.hr\/hr\/who-we-are\/#primaryimage"},"image":{"@id":"http:\/\/vbi.hr\/hr\/who-we-are\/#primaryimage"},"thumbnailUrl":"http:\/\/vbi.hr\/wp-content\/uploads\/2023\/10\/image1.jpg","datePublished":"2023-10-10T12:24:21+00:00","dateModified":"2023-11-06T10:36:11+00:00","breadcrumb":{"@id":"http:\/\/vbi.hr\/hr\/who-we-are\/#breadcrumb"},"inLanguage":"hr","potentialAction":[{"@type":"ReadAction","target":["http:\/\/vbi.hr\/hr\/who-we-are\/"]}]},{"@type":"ImageObject","inLanguage":"hr","@id":"http:\/\/vbi.hr\/hr\/who-we-are\/#primaryimage","url":"http:\/\/vbi.hr\/wp-content\/uploads\/2023\/10\/image1.jpg","contentUrl":"http:\/\/vbi.hr\/wp-content\/uploads\/2023\/10\/image1.jpg","width":1920,"height":1279},{"@type":"BreadcrumbList","@id":"http:\/\/vbi.hr\/hr\/who-we-are\/#breadcrumb","itemListElement":[{"@type":"ListItem","position":1,"name":"Home","item":"http:\/\/vbi.hr\/hr\/"},{"@type":"ListItem","position":2,"name":"Tko smo"}]},{"@type":"WebSite","@id":"https:\/\/vbi.hr\/#website","url":"https:\/\/vbi.hr\/","name":"VB International d.o.o.","description":"","publisher":{"@id":"https:\/\/vbi.hr\/#organization"},"potentialAction":[{"@type":"SearchAction","target":{"@type":"EntryPoint","urlTemplate":"https:\/\/vbi.hr\/?s={search_term_string}"},"query-input":{"@type":"PropertyValueSpecification","valueRequired":true,"valueName":"search_term_string"}}],"inLanguage":"hr"},{"@type":"Organization","@id":"https:\/\/vbi.hr\/#organization","name":"VB International d.o.o.","url":"https:\/\/vbi.hr\/","logo":{"@type":"ImageObject","inLanguage":"hr","@id":"https:\/\/vbi.hr\/#\/schema\/logo\/image\/","url":"https:\/\/vbi.hr\/wp-content\/uploads\/2023\/11\/vbi-logo.svg","contentUrl":"https:\/\/vbi.hr\/wp-content\/uploads\/2023\/11\/vbi-logo.svg","width":1,"height":1,"caption":"VB International d.o.o."},"image":{"@id":"https:\/\/vbi.hr\/#\/schema\/logo\/image\/"},"sameAs":["https:\/\/www.facebook.com\/profile.php?id=61551015485419","https:\/\/www.instagram.com\/vb.international\/","https:\/\/www.linkedin.com\/company\/vbinternational\/"]}]}},"_links":{"self":[{"href":"http:\/\/vbi.hr\/hr\/wp-json\/wp\/v2\/pages\/224","targetHints":{"allow":["GET"]}}],"collection":[{"href":"http:\/\/vbi.hr\/hr\/wp-json\/wp\/v2\/pages"}],"about":[{"href":"http:\/\/vbi.hr\/hr\/wp-json\/wp\/v2\/types\/page"}],"author":[{"embeddable":true,"href":"http:\/\/vbi.hr\/hr\/wp-json\/wp\/v2\/users\/1"}],"replies":[{"embeddable":true,"href":"http:\/\/vbi.hr\/hr\/wp-json\/wp\/v2\/comments?post=224"}],"version-history":[{"count":5,"href":"http:\/\/vbi.hr\/hr\/wp-json\/wp\/v2\/pages\/224\/revisions"}],"predecessor-version":[{"id":340,"href":"http:\/\/vbi.hr\/hr\/wp-json\/wp\/v2\/pages\/224\/revisions\/340"}],"wp:featuredmedia":[{"embeddable":true,"href":"http:\/\/vbi.hr\/hr\/wp-json\/wp\/v2\/media\/75"}],"wp:attachment":[{"href":"http:\/\/vbi.hr\/hr\/wp-json\/wp\/v2\/media?parent=224"}],"curies":[{"name":"wp","href":"https:\/\/api.w.org\/{rel}","templated":true}]}}