{"id":223,"date":"2023-10-10T14:26:09","date_gmt":"2023-10-10T12:26:09","guid":{"rendered":"http:\/\/vbi.hr\/sonihull\/"},"modified":"2023-11-01T15:12:17","modified_gmt":"2023-11-01T14:12:17","slug":"sonihull","status":"publish","type":"page","link":"http:\/\/vbi.hr\/hr\/sonihull\/","title":{"rendered":"Sonihull"},"content":{"rendered":"<h3>Klju\u010dne prednosti:<\/h3>\n<ul>\n<li><strong>Smanjenje potro\u0161nje goriva do 30%<\/strong> smanjenjem otpora na za\u0161ti\u0107enim propelerima i povr\u0161ini trupa<\/li>\n<li><strong>\u0160tedi do 95% kapitala i tro\u0161kova odr\u017eavanja<\/strong> u usporedbi sa sustavima \u201cImpressed-Current\u201d na rashladnicima ugradenim u trupu<\/li>\n<li><strong>\u0160titi<\/strong> trupove, osovine, propelere, vodene mlaznice, usise mora, spremnike, rashladnike u trupu, plo\u010daste i cijevaste rashladnike, cjevovode, dovode i ventile<\/li>\n<li>BEZ biocida, BEZ su\u0161enja, BEZ mikroplastike od otrovnih boja protiv obra\u0161tanja, BEZ doziranja kemikalija, BEZ smetnji s drugom elektronikom<\/li>\n<\/ul>\n","protected":false},"excerpt":{"rendered":"<p>Klju\u010dne prednosti: Smanjenje potro\u0161nje goriva do 30% smanjenjem otpora na za\u0161ti\u0107enim propelerima i povr\u0161ini trupa [&hellip;]<\/p>\n","protected":false},"author":1,"featured_media":88,"parent":0,"menu_order":0,"comment_status":"closed","ping_status":"closed","template":"template-sonihull.php","meta":{"_acf_changed":false,"footnotes":""},"class_list":["post-223","page","type-page","status-publish","has-post-thumbnail","hentry"],"acf":[],"yoast_head":"<!-- This site is optimized with the Yoast SEO plugin v23.7 - https:\/\/yoast.com\/wordpress\/plugins\/seo\/ -->\n<title>Sonihull - VB International d.o.o.<\/title>\n<meta name=\"robots\" content=\"index, follow, max-snippet:-1, max-image-preview:large, max-video-preview:-1\" \/>\n<link rel=\"canonical\" href=\"http:\/\/vbi.hr\/hr\/sonihull\/\" \/>\n<meta property=\"og:locale\" content=\"hr_HR\" \/>\n<meta property=\"og:type\" content=\"article\" \/>\n<meta property=\"og:title\" content=\"Sonihull - VB International d.o.o.\" \/>\n<meta property=\"og:description\" content=\"Klju\u010dne prednosti: Smanjenje potro\u0161nje goriva do 30% smanjenjem otpora na za\u0161ti\u0107enim propelerima i povr\u0161ini trupa [&hellip;]\" \/>\n<meta property=\"og:url\" content=\"http:\/\/vbi.hr\/hr\/sonihull\/\" \/>\n<meta property=\"og:site_name\" content=\"VB International d.o.o.\" \/>\n<meta property=\"article:publisher\" content=\"https:\/\/www.facebook.com\/profile.php?id=61551015485419\" \/>\n<meta property=\"article:modified_time\" content=\"2023-11-01T14:12:17+00:00\" \/>\n<meta property=\"og:image\" content=\"http:\/\/vbi.hr\/wp-content\/uploads\/2023\/10\/sonihull2-logo.jpg\" \/>\n\t<meta property=\"og:image:width\" content=\"512\" \/>\n\t<meta property=\"og:image:height\" content=\"116\" \/>\n\t<meta property=\"og:image:type\" content=\"image\/jpeg\" \/>\n<meta name=\"twitter:card\" content=\"summary_large_image\" \/>\n<script type=\"application\/ld+json\" class=\"yoast-schema-graph\">{\"@context\":\"https:\/\/schema.org\",\"@graph\":[{\"@type\":\"WebPage\",\"@id\":\"http:\/\/vbi.hr\/hr\/sonihull\/\",\"url\":\"http:\/\/vbi.hr\/hr\/sonihull\/\",\"name\":\"Sonihull - VB International d.o.o.\",\"isPartOf\":{\"@id\":\"https:\/\/vbi.hr\/#website\"},\"primaryImageOfPage\":{\"@id\":\"http:\/\/vbi.hr\/hr\/sonihull\/#primaryimage\"},\"image\":{\"@id\":\"http:\/\/vbi.hr\/hr\/sonihull\/#primaryimage\"},\"thumbnailUrl\":\"http:\/\/vbi.hr\/wp-content\/uploads\/2023\/10\/sonihull2-logo.jpg\",\"datePublished\":\"2023-10-10T12:26:09+00:00\",\"dateModified\":\"2023-11-01T14:12:17+00:00\",\"breadcrumb\":{\"@id\":\"http:\/\/vbi.hr\/hr\/sonihull\/#breadcrumb\"},\"inLanguage\":\"hr\",\"potentialAction\":[{\"@type\":\"ReadAction\",\"target\":[\"http:\/\/vbi.hr\/hr\/sonihull\/\"]}]},{\"@type\":\"ImageObject\",\"inLanguage\":\"hr\",\"@id\":\"http:\/\/vbi.hr\/hr\/sonihull\/#primaryimage\",\"url\":\"http:\/\/vbi.hr\/wp-content\/uploads\/2023\/10\/sonihull2-logo.jpg\",\"contentUrl\":\"http:\/\/vbi.hr\/wp-content\/uploads\/2023\/10\/sonihull2-logo.jpg\",\"width\":512,\"height\":116},{\"@type\":\"BreadcrumbList\",\"@id\":\"http:\/\/vbi.hr\/hr\/sonihull\/#breadcrumb\",\"itemListElement\":[{\"@type\":\"ListItem\",\"position\":1,\"name\":\"Home\",\"item\":\"http:\/\/vbi.hr\/hr\/\"},{\"@type\":\"ListItem\",\"position\":2,\"name\":\"Sonihull\"}]},{\"@type\":\"WebSite\",\"@id\":\"https:\/\/vbi.hr\/#website\",\"url\":\"https:\/\/vbi.hr\/\",\"name\":\"VB International d.o.o.\",\"description\":\"\",\"publisher\":{\"@id\":\"https:\/\/vbi.hr\/#organization\"},\"potentialAction\":[{\"@type\":\"SearchAction\",\"target\":{\"@type\":\"EntryPoint\",\"urlTemplate\":\"https:\/\/vbi.hr\/?s={search_term_string}\"},\"query-input\":{\"@type\":\"PropertyValueSpecification\",\"valueRequired\":true,\"valueName\":\"search_term_string\"}}],\"inLanguage\":\"hr\"},{\"@type\":\"Organization\",\"@id\":\"https:\/\/vbi.hr\/#organization\",\"name\":\"VB International d.o.o.\",\"url\":\"https:\/\/vbi.hr\/\",\"logo\":{\"@type\":\"ImageObject\",\"inLanguage\":\"hr\",\"@id\":\"https:\/\/vbi.hr\/#\/schema\/logo\/image\/\",\"url\":\"https:\/\/vbi.hr\/wp-content\/uploads\/2023\/11\/vbi-logo.svg\",\"contentUrl\":\"https:\/\/vbi.hr\/wp-content\/uploads\/2023\/11\/vbi-logo.svg\",\"width\":1,\"height\":1,\"caption\":\"VB International d.o.o.\"},\"image\":{\"@id\":\"https:\/\/vbi.hr\/#\/schema\/logo\/image\/\"},\"sameAs\":[\"https:\/\/www.facebook.com\/profile.php?id=61551015485419\",\"https:\/\/www.instagram.com\/vb.international\/\",\"https:\/\/www.linkedin.com\/company\/vbinternational\/\"]}]}<\/script>\n<!-- \/ Yoast SEO plugin. -->","yoast_head_json":{"title":"Sonihull - VB International d.o.o.","robots":{"index":"index","follow":"follow","max-snippet":"max-snippet:-1","max-image-preview":"max-image-preview:large","max-video-preview":"max-video-preview:-1"},"canonical":"http:\/\/vbi.hr\/hr\/sonihull\/","og_locale":"hr_HR","og_type":"article","og_title":"Sonihull - VB International d.o.o.","og_description":"Klju\u010dne prednosti: Smanjenje potro\u0161nje goriva do 30% smanjenjem otpora na za\u0161ti\u0107enim propelerima i povr\u0161ini trupa [&hellip;]","og_url":"http:\/\/vbi.hr\/hr\/sonihull\/","og_site_name":"VB International d.o.o.","article_publisher":"https:\/\/www.facebook.com\/profile.php?id=61551015485419","article_modified_time":"2023-11-01T14:12:17+00:00","og_image":[{"width":512,"height":116,"url":"http:\/\/vbi.hr\/wp-content\/uploads\/2023\/10\/sonihull2-logo.jpg","type":"image\/jpeg"}],"twitter_card":"summary_large_image","schema":{"@context":"https:\/\/schema.org","@graph":[{"@type":"WebPage","@id":"http:\/\/vbi.hr\/hr\/sonihull\/","url":"http:\/\/vbi.hr\/hr\/sonihull\/","name":"Sonihull - VB International d.o.o.","isPartOf":{"@id":"https:\/\/vbi.hr\/#website"},"primaryImageOfPage":{"@id":"http:\/\/vbi.hr\/hr\/sonihull\/#primaryimage"},"image":{"@id":"http:\/\/vbi.hr\/hr\/sonihull\/#primaryimage"},"thumbnailUrl":"http:\/\/vbi.hr\/wp-content\/uploads\/2023\/10\/sonihull2-logo.jpg","datePublished":"2023-10-10T12:26:09+00:00","dateModified":"2023-11-01T14:12:17+00:00","breadcrumb":{"@id":"http:\/\/vbi.hr\/hr\/sonihull\/#breadcrumb"},"inLanguage":"hr","potentialAction":[{"@type":"ReadAction","target":["http:\/\/vbi.hr\/hr\/sonihull\/"]}]},{"@type":"ImageObject","inLanguage":"hr","@id":"http:\/\/vbi.hr\/hr\/sonihull\/#primaryimage","url":"http:\/\/vbi.hr\/wp-content\/uploads\/2023\/10\/sonihull2-logo.jpg","contentUrl":"http:\/\/vbi.hr\/wp-content\/uploads\/2023\/10\/sonihull2-logo.jpg","width":512,"height":116},{"@type":"BreadcrumbList","@id":"http:\/\/vbi.hr\/hr\/sonihull\/#breadcrumb","itemListElement":[{"@type":"ListItem","position":1,"name":"Home","item":"http:\/\/vbi.hr\/hr\/"},{"@type":"ListItem","position":2,"name":"Sonihull"}]},{"@type":"WebSite","@id":"https:\/\/vbi.hr\/#website","url":"https:\/\/vbi.hr\/","name":"VB International d.o.o.","description":"","publisher":{"@id":"https:\/\/vbi.hr\/#organization"},"potentialAction":[{"@type":"SearchAction","target":{"@type":"EntryPoint","urlTemplate":"https:\/\/vbi.hr\/?s={search_term_string}"},"query-input":{"@type":"PropertyValueSpecification","valueRequired":true,"valueName":"search_term_string"}}],"inLanguage":"hr"},{"@type":"Organization","@id":"https:\/\/vbi.hr\/#organization","name":"VB International d.o.o.","url":"https:\/\/vbi.hr\/","logo":{"@type":"ImageObject","inLanguage":"hr","@id":"https:\/\/vbi.hr\/#\/schema\/logo\/image\/","url":"https:\/\/vbi.hr\/wp-content\/uploads\/2023\/11\/vbi-logo.svg","contentUrl":"https:\/\/vbi.hr\/wp-content\/uploads\/2023\/11\/vbi-logo.svg","width":1,"height":1,"caption":"VB International d.o.o."},"image":{"@id":"https:\/\/vbi.hr\/#\/schema\/logo\/image\/"},"sameAs":["https:\/\/www.facebook.com\/profile.php?id=61551015485419","https:\/\/www.instagram.com\/vb.international\/","https:\/\/www.linkedin.com\/company\/vbinternational\/"]}]}},"_links":{"self":[{"href":"http:\/\/vbi.hr\/hr\/wp-json\/wp\/v2\/pages\/223","targetHints":{"allow":["GET"]}}],"collection":[{"href":"http:\/\/vbi.hr\/hr\/wp-json\/wp\/v2\/pages"}],"about":[{"href":"http:\/\/vbi.hr\/hr\/wp-json\/wp\/v2\/types\/page"}],"author":[{"embeddable":true,"href":"http:\/\/vbi.hr\/hr\/wp-json\/wp\/v2\/users\/1"}],"replies":[{"embeddable":true,"href":"http:\/\/vbi.hr\/hr\/wp-json\/wp\/v2\/comments?post=223"}],"version-history":[{"count":14,"href":"http:\/\/vbi.hr\/hr\/wp-json\/wp\/v2\/pages\/223\/revisions"}],"predecessor-version":[{"id":310,"href":"http:\/\/vbi.hr\/hr\/wp-json\/wp\/v2\/pages\/223\/revisions\/310"}],"wp:featuredmedia":[{"embeddable":true,"href":"http:\/\/vbi.hr\/hr\/wp-json\/wp\/v2\/media\/88"}],"wp:attachment":[{"href":"http:\/\/vbi.hr\/hr\/wp-json\/wp\/v2\/media?parent=223"}],"curies":[{"name":"wp","href":"https:\/\/api.w.org\/{rel}","templated":true}]}}