{"id":220,"date":"2023-10-10T14:24:44","date_gmt":"2023-10-10T12:24:44","guid":{"rendered":"http:\/\/vbi.hr\/our-mission\/"},"modified":"2023-10-13T10:00:32","modified_gmt":"2023-10-13T08:00:32","slug":"our-mission","status":"publish","type":"page","link":"http:\/\/vbi.hr\/hr\/our-mission\/","title":{"rendered":"Misija"},"content":{"rendered":"<p>Na\u0161im kupcima pru\u017eamo pouzdane pomorske proizvode i usluge, poma\u017eu\u0107i im da prona\u0111u pravo rje\u0161enje za svoje potrebe, istovremeno vode\u0107i ra\u010duna o odr\u017eivom rastu na\u0161e tvrtke i razvoju zaposlenika.<\/p>\n","protected":false},"excerpt":{"rendered":"<p>Na\u0161im kupcima pru\u017eamo pouzdane pomorske proizvode i usluge, poma\u017eu\u0107i im da prona\u0111u pravo rje\u0161enje za [&hellip;]<\/p>\n","protected":false},"author":1,"featured_media":236,"parent":0,"menu_order":0,"comment_status":"closed","ping_status":"closed","template":"template-about.php","meta":{"_acf_changed":false,"footnotes":""},"class_list":["post-220","page","type-page","status-publish","has-post-thumbnail","hentry"],"acf":[],"yoast_head":"<!-- This site is optimized with the Yoast SEO plugin v23.7 - https:\/\/yoast.com\/wordpress\/plugins\/seo\/ -->\n<title>Misija - VB International d.o.o.<\/title>\n<meta name=\"robots\" content=\"index, follow, max-snippet:-1, max-image-preview:large, max-video-preview:-1\" \/>\n<link rel=\"canonical\" href=\"https:\/\/vbi.hr\/hr\/our-mission\/\" \/>\n<meta property=\"og:locale\" content=\"hr_HR\" \/>\n<meta property=\"og:type\" content=\"article\" \/>\n<meta property=\"og:title\" content=\"Misija - VB International d.o.o.\" \/>\n<meta property=\"og:description\" content=\"Na\u0161im kupcima pru\u017eamo pouzdane pomorske proizvode i usluge, poma\u017eu\u0107i im da prona\u0111u pravo rje\u0161enje za [&hellip;]\" \/>\n<meta property=\"og:url\" content=\"https:\/\/vbi.hr\/hr\/our-mission\/\" \/>\n<meta property=\"og:site_name\" content=\"VB International d.o.o.\" \/>\n<meta property=\"article:publisher\" content=\"https:\/\/www.facebook.com\/profile.php?id=61551015485419\" \/>\n<meta property=\"article:modified_time\" content=\"2023-10-13T08:00:32+00:00\" \/>\n<meta property=\"og:image\" content=\"https:\/\/vbi.hr\/wp-content\/uploads\/2023\/10\/Mission.jpg\" \/>\n\t<meta property=\"og:image:width\" content=\"1280\" \/>\n\t<meta property=\"og:image:height\" content=\"719\" \/>\n\t<meta property=\"og:image:type\" content=\"image\/jpeg\" \/>\n<meta name=\"twitter:card\" content=\"summary_large_image\" \/>\n<script type=\"application\/ld+json\" class=\"yoast-schema-graph\">{\"@context\":\"https:\/\/schema.org\",\"@graph\":[{\"@type\":\"WebPage\",\"@id\":\"https:\/\/vbi.hr\/hr\/our-mission\/\",\"url\":\"https:\/\/vbi.hr\/hr\/our-mission\/\",\"name\":\"Misija - VB International d.o.o.\",\"isPartOf\":{\"@id\":\"https:\/\/vbi.hr\/#website\"},\"primaryImageOfPage\":{\"@id\":\"https:\/\/vbi.hr\/hr\/our-mission\/#primaryimage\"},\"image\":{\"@id\":\"https:\/\/vbi.hr\/hr\/our-mission\/#primaryimage\"},\"thumbnailUrl\":\"http:\/\/vbi.hr\/wp-content\/uploads\/2023\/10\/Mission.jpg\",\"datePublished\":\"2023-10-10T12:24:44+00:00\",\"dateModified\":\"2023-10-13T08:00:32+00:00\",\"breadcrumb\":{\"@id\":\"https:\/\/vbi.hr\/hr\/our-mission\/#breadcrumb\"},\"inLanguage\":\"hr\",\"potentialAction\":[{\"@type\":\"ReadAction\",\"target\":[\"https:\/\/vbi.hr\/hr\/our-mission\/\"]}]},{\"@type\":\"ImageObject\",\"inLanguage\":\"hr\",\"@id\":\"https:\/\/vbi.hr\/hr\/our-mission\/#primaryimage\",\"url\":\"http:\/\/vbi.hr\/wp-content\/uploads\/2023\/10\/Mission.jpg\",\"contentUrl\":\"http:\/\/vbi.hr\/wp-content\/uploads\/2023\/10\/Mission.jpg\",\"width\":1280,\"height\":719},{\"@type\":\"BreadcrumbList\",\"@id\":\"https:\/\/vbi.hr\/hr\/our-mission\/#breadcrumb\",\"itemListElement\":[{\"@type\":\"ListItem\",\"position\":1,\"name\":\"Home\",\"item\":\"http:\/\/vbi.hr\/hr\/\"},{\"@type\":\"ListItem\",\"position\":2,\"name\":\"Misija\"}]},{\"@type\":\"WebSite\",\"@id\":\"https:\/\/vbi.hr\/#website\",\"url\":\"https:\/\/vbi.hr\/\",\"name\":\"VB International d.o.o.\",\"description\":\"\",\"publisher\":{\"@id\":\"https:\/\/vbi.hr\/#organization\"},\"potentialAction\":[{\"@type\":\"SearchAction\",\"target\":{\"@type\":\"EntryPoint\",\"urlTemplate\":\"https:\/\/vbi.hr\/?s={search_term_string}\"},\"query-input\":{\"@type\":\"PropertyValueSpecification\",\"valueRequired\":true,\"valueName\":\"search_term_string\"}}],\"inLanguage\":\"hr\"},{\"@type\":\"Organization\",\"@id\":\"https:\/\/vbi.hr\/#organization\",\"name\":\"VB International d.o.o.\",\"url\":\"https:\/\/vbi.hr\/\",\"logo\":{\"@type\":\"ImageObject\",\"inLanguage\":\"hr\",\"@id\":\"https:\/\/vbi.hr\/#\/schema\/logo\/image\/\",\"url\":\"https:\/\/vbi.hr\/wp-content\/uploads\/2023\/11\/vbi-logo.svg\",\"contentUrl\":\"https:\/\/vbi.hr\/wp-content\/uploads\/2023\/11\/vbi-logo.svg\",\"width\":1,\"height\":1,\"caption\":\"VB International d.o.o.\"},\"image\":{\"@id\":\"https:\/\/vbi.hr\/#\/schema\/logo\/image\/\"},\"sameAs\":[\"https:\/\/www.facebook.com\/profile.php?id=61551015485419\",\"https:\/\/www.instagram.com\/vb.international\/\",\"https:\/\/www.linkedin.com\/company\/vbinternational\/\"]}]}<\/script>\n<!-- \/ Yoast SEO plugin. -->","yoast_head_json":{"title":"Misija - VB International d.o.o.","robots":{"index":"index","follow":"follow","max-snippet":"max-snippet:-1","max-image-preview":"max-image-preview:large","max-video-preview":"max-video-preview:-1"},"canonical":"https:\/\/vbi.hr\/hr\/our-mission\/","og_locale":"hr_HR","og_type":"article","og_title":"Misija - VB International d.o.o.","og_description":"Na\u0161im kupcima pru\u017eamo pouzdane pomorske proizvode i usluge, poma\u017eu\u0107i im da prona\u0111u pravo rje\u0161enje za [&hellip;]","og_url":"https:\/\/vbi.hr\/hr\/our-mission\/","og_site_name":"VB International d.o.o.","article_publisher":"https:\/\/www.facebook.com\/profile.php?id=61551015485419","article_modified_time":"2023-10-13T08:00:32+00:00","og_image":[{"width":1280,"height":719,"url":"https:\/\/vbi.hr\/wp-content\/uploads\/2023\/10\/Mission.jpg","type":"image\/jpeg"}],"twitter_card":"summary_large_image","schema":{"@context":"https:\/\/schema.org","@graph":[{"@type":"WebPage","@id":"https:\/\/vbi.hr\/hr\/our-mission\/","url":"https:\/\/vbi.hr\/hr\/our-mission\/","name":"Misija - VB International d.o.o.","isPartOf":{"@id":"https:\/\/vbi.hr\/#website"},"primaryImageOfPage":{"@id":"https:\/\/vbi.hr\/hr\/our-mission\/#primaryimage"},"image":{"@id":"https:\/\/vbi.hr\/hr\/our-mission\/#primaryimage"},"thumbnailUrl":"http:\/\/vbi.hr\/wp-content\/uploads\/2023\/10\/Mission.jpg","datePublished":"2023-10-10T12:24:44+00:00","dateModified":"2023-10-13T08:00:32+00:00","breadcrumb":{"@id":"https:\/\/vbi.hr\/hr\/our-mission\/#breadcrumb"},"inLanguage":"hr","potentialAction":[{"@type":"ReadAction","target":["https:\/\/vbi.hr\/hr\/our-mission\/"]}]},{"@type":"ImageObject","inLanguage":"hr","@id":"https:\/\/vbi.hr\/hr\/our-mission\/#primaryimage","url":"http:\/\/vbi.hr\/wp-content\/uploads\/2023\/10\/Mission.jpg","contentUrl":"http:\/\/vbi.hr\/wp-content\/uploads\/2023\/10\/Mission.jpg","width":1280,"height":719},{"@type":"BreadcrumbList","@id":"https:\/\/vbi.hr\/hr\/our-mission\/#breadcrumb","itemListElement":[{"@type":"ListItem","position":1,"name":"Home","item":"http:\/\/vbi.hr\/hr\/"},{"@type":"ListItem","position":2,"name":"Misija"}]},{"@type":"WebSite","@id":"https:\/\/vbi.hr\/#website","url":"https:\/\/vbi.hr\/","name":"VB International d.o.o.","description":"","publisher":{"@id":"https:\/\/vbi.hr\/#organization"},"potentialAction":[{"@type":"SearchAction","target":{"@type":"EntryPoint","urlTemplate":"https:\/\/vbi.hr\/?s={search_term_string}"},"query-input":{"@type":"PropertyValueSpecification","valueRequired":true,"valueName":"search_term_string"}}],"inLanguage":"hr"},{"@type":"Organization","@id":"https:\/\/vbi.hr\/#organization","name":"VB International d.o.o.","url":"https:\/\/vbi.hr\/","logo":{"@type":"ImageObject","inLanguage":"hr","@id":"https:\/\/vbi.hr\/#\/schema\/logo\/image\/","url":"https:\/\/vbi.hr\/wp-content\/uploads\/2023\/11\/vbi-logo.svg","contentUrl":"https:\/\/vbi.hr\/wp-content\/uploads\/2023\/11\/vbi-logo.svg","width":1,"height":1,"caption":"VB International d.o.o."},"image":{"@id":"https:\/\/vbi.hr\/#\/schema\/logo\/image\/"},"sameAs":["https:\/\/www.facebook.com\/profile.php?id=61551015485419","https:\/\/www.instagram.com\/vb.international\/","https:\/\/www.linkedin.com\/company\/vbinternational\/"]}]}},"_links":{"self":[{"href":"http:\/\/vbi.hr\/hr\/wp-json\/wp\/v2\/pages\/220","targetHints":{"allow":["GET"]}}],"collection":[{"href":"http:\/\/vbi.hr\/hr\/wp-json\/wp\/v2\/pages"}],"about":[{"href":"http:\/\/vbi.hr\/hr\/wp-json\/wp\/v2\/types\/page"}],"author":[{"embeddable":true,"href":"http:\/\/vbi.hr\/hr\/wp-json\/wp\/v2\/users\/1"}],"replies":[{"embeddable":true,"href":"http:\/\/vbi.hr\/hr\/wp-json\/wp\/v2\/comments?post=220"}],"version-history":[{"count":3,"href":"http:\/\/vbi.hr\/hr\/wp-json\/wp\/v2\/pages\/220\/revisions"}],"predecessor-version":[{"id":249,"href":"http:\/\/vbi.hr\/hr\/wp-json\/wp\/v2\/pages\/220\/revisions\/249"}],"wp:featuredmedia":[{"embeddable":true,"href":"http:\/\/vbi.hr\/hr\/wp-json\/wp\/v2\/media\/236"}],"wp:attachment":[{"href":"http:\/\/vbi.hr\/hr\/wp-json\/wp\/v2\/media?parent=220"}],"curies":[{"name":"wp","href":"https:\/\/api.w.org\/{rel}","templated":true}]}}