{"id":214,"date":"2023-10-10T14:27:21","date_gmt":"2023-10-10T12:27:21","guid":{"rendered":"http:\/\/vbi.hr\/consultancy\/"},"modified":"2023-10-13T13:01:14","modified_gmt":"2023-10-13T11:01:14","slug":"consultancy","status":"publish","type":"page","link":"http:\/\/vbi.hr\/hr\/consultancy\/","title":{"rendered":"Konzalting"},"content":{"rendered":"<p>S vi\u0161e od 20 godina opse\u017enog me\u0111unarodnog iskustva, pru\u017eamo cijeli niz specijaliziranih pomorskih usluga za sve vrste plovila i pomorskih jedinica.<\/p>\n<p>Na\u0161 raspon konzultantskih usluga:<\/p>\n<ul>\n<li>Zastupanje klijenata<\/li>\n<li>Upravljanje projektima<\/li>\n<li>Osiguranje kvalitete, kontrola kvalitete i inspekcije<\/li>\n<li>Tehni\u010dke analize i procjene<\/li>\n<\/ul>\n","protected":false},"excerpt":{"rendered":"<p>S vi\u0161e od 20 godina opse\u017enog me\u0111unarodnog iskustva, pru\u017eamo cijeli niz specijaliziranih pomorskih usluga za [&hellip;]<\/p>\n","protected":false},"author":1,"featured_media":230,"parent":0,"menu_order":0,"comment_status":"closed","ping_status":"closed","template":"template-solutions.php","meta":{"_acf_changed":false,"footnotes":""},"class_list":["post-214","page","type-page","status-publish","has-post-thumbnail","hentry"],"acf":[],"yoast_head":"<!-- This site is optimized with the Yoast SEO plugin v23.7 - https:\/\/yoast.com\/wordpress\/plugins\/seo\/ -->\n<title>Konzalting - VB International d.o.o.<\/title>\n<meta name=\"robots\" content=\"index, follow, max-snippet:-1, max-image-preview:large, max-video-preview:-1\" \/>\n<link rel=\"canonical\" href=\"http:\/\/vbi.hr\/hr\/consultancy\/\" \/>\n<meta property=\"og:locale\" content=\"hr_HR\" \/>\n<meta property=\"og:type\" content=\"article\" \/>\n<meta property=\"og:title\" content=\"Konzalting - VB International d.o.o.\" \/>\n<meta property=\"og:description\" content=\"S vi\u0161e od 20 godina opse\u017enog me\u0111unarodnog iskustva, pru\u017eamo cijeli niz specijaliziranih pomorskih usluga za [&hellip;]\" \/>\n<meta property=\"og:url\" content=\"http:\/\/vbi.hr\/hr\/consultancy\/\" \/>\n<meta property=\"og:site_name\" content=\"VB International d.o.o.\" \/>\n<meta property=\"article:publisher\" content=\"https:\/\/www.facebook.com\/profile.php?id=61551015485419\" \/>\n<meta property=\"article:modified_time\" content=\"2023-10-13T11:01:14+00:00\" \/>\n<meta property=\"og:image\" content=\"http:\/\/vbi.hr\/wp-content\/uploads\/2023\/10\/Consultancy.jpg\" \/>\n\t<meta property=\"og:image:width\" content=\"1064\" \/>\n\t<meta property=\"og:image:height\" content=\"710\" \/>\n\t<meta property=\"og:image:type\" content=\"image\/jpeg\" \/>\n<meta name=\"twitter:card\" content=\"summary_large_image\" \/>\n<script type=\"application\/ld+json\" class=\"yoast-schema-graph\">{\"@context\":\"https:\/\/schema.org\",\"@graph\":[{\"@type\":\"WebPage\",\"@id\":\"http:\/\/vbi.hr\/hr\/consultancy\/\",\"url\":\"http:\/\/vbi.hr\/hr\/consultancy\/\",\"name\":\"Konzalting - VB International d.o.o.\",\"isPartOf\":{\"@id\":\"https:\/\/vbi.hr\/#website\"},\"primaryImageOfPage\":{\"@id\":\"http:\/\/vbi.hr\/hr\/consultancy\/#primaryimage\"},\"image\":{\"@id\":\"http:\/\/vbi.hr\/hr\/consultancy\/#primaryimage\"},\"thumbnailUrl\":\"http:\/\/vbi.hr\/wp-content\/uploads\/2023\/10\/Consultancy.jpg\",\"datePublished\":\"2023-10-10T12:27:21+00:00\",\"dateModified\":\"2023-10-13T11:01:14+00:00\",\"breadcrumb\":{\"@id\":\"http:\/\/vbi.hr\/hr\/consultancy\/#breadcrumb\"},\"inLanguage\":\"hr\",\"potentialAction\":[{\"@type\":\"ReadAction\",\"target\":[\"http:\/\/vbi.hr\/hr\/consultancy\/\"]}]},{\"@type\":\"ImageObject\",\"inLanguage\":\"hr\",\"@id\":\"http:\/\/vbi.hr\/hr\/consultancy\/#primaryimage\",\"url\":\"http:\/\/vbi.hr\/wp-content\/uploads\/2023\/10\/Consultancy.jpg\",\"contentUrl\":\"http:\/\/vbi.hr\/wp-content\/uploads\/2023\/10\/Consultancy.jpg\",\"width\":1064,\"height\":710},{\"@type\":\"BreadcrumbList\",\"@id\":\"http:\/\/vbi.hr\/hr\/consultancy\/#breadcrumb\",\"itemListElement\":[{\"@type\":\"ListItem\",\"position\":1,\"name\":\"Home\",\"item\":\"http:\/\/vbi.hr\/hr\/\"},{\"@type\":\"ListItem\",\"position\":2,\"name\":\"Konzalting\"}]},{\"@type\":\"WebSite\",\"@id\":\"https:\/\/vbi.hr\/#website\",\"url\":\"https:\/\/vbi.hr\/\",\"name\":\"VB International d.o.o.\",\"description\":\"\",\"publisher\":{\"@id\":\"https:\/\/vbi.hr\/#organization\"},\"potentialAction\":[{\"@type\":\"SearchAction\",\"target\":{\"@type\":\"EntryPoint\",\"urlTemplate\":\"https:\/\/vbi.hr\/?s={search_term_string}\"},\"query-input\":{\"@type\":\"PropertyValueSpecification\",\"valueRequired\":true,\"valueName\":\"search_term_string\"}}],\"inLanguage\":\"hr\"},{\"@type\":\"Organization\",\"@id\":\"https:\/\/vbi.hr\/#organization\",\"name\":\"VB International d.o.o.\",\"url\":\"https:\/\/vbi.hr\/\",\"logo\":{\"@type\":\"ImageObject\",\"inLanguage\":\"hr\",\"@id\":\"https:\/\/vbi.hr\/#\/schema\/logo\/image\/\",\"url\":\"https:\/\/vbi.hr\/wp-content\/uploads\/2023\/11\/vbi-logo.svg\",\"contentUrl\":\"https:\/\/vbi.hr\/wp-content\/uploads\/2023\/11\/vbi-logo.svg\",\"width\":1,\"height\":1,\"caption\":\"VB International d.o.o.\"},\"image\":{\"@id\":\"https:\/\/vbi.hr\/#\/schema\/logo\/image\/\"},\"sameAs\":[\"https:\/\/www.facebook.com\/profile.php?id=61551015485419\",\"https:\/\/www.instagram.com\/vb.international\/\",\"https:\/\/www.linkedin.com\/company\/vbinternational\/\"]}]}<\/script>\n<!-- \/ Yoast SEO plugin. -->","yoast_head_json":{"title":"Konzalting - VB International d.o.o.","robots":{"index":"index","follow":"follow","max-snippet":"max-snippet:-1","max-image-preview":"max-image-preview:large","max-video-preview":"max-video-preview:-1"},"canonical":"http:\/\/vbi.hr\/hr\/consultancy\/","og_locale":"hr_HR","og_type":"article","og_title":"Konzalting - VB International d.o.o.","og_description":"S vi\u0161e od 20 godina opse\u017enog me\u0111unarodnog iskustva, pru\u017eamo cijeli niz specijaliziranih pomorskih usluga za [&hellip;]","og_url":"http:\/\/vbi.hr\/hr\/consultancy\/","og_site_name":"VB International d.o.o.","article_publisher":"https:\/\/www.facebook.com\/profile.php?id=61551015485419","article_modified_time":"2023-10-13T11:01:14+00:00","og_image":[{"width":1064,"height":710,"url":"http:\/\/vbi.hr\/wp-content\/uploads\/2023\/10\/Consultancy.jpg","type":"image\/jpeg"}],"twitter_card":"summary_large_image","schema":{"@context":"https:\/\/schema.org","@graph":[{"@type":"WebPage","@id":"http:\/\/vbi.hr\/hr\/consultancy\/","url":"http:\/\/vbi.hr\/hr\/consultancy\/","name":"Konzalting - VB International d.o.o.","isPartOf":{"@id":"https:\/\/vbi.hr\/#website"},"primaryImageOfPage":{"@id":"http:\/\/vbi.hr\/hr\/consultancy\/#primaryimage"},"image":{"@id":"http:\/\/vbi.hr\/hr\/consultancy\/#primaryimage"},"thumbnailUrl":"http:\/\/vbi.hr\/wp-content\/uploads\/2023\/10\/Consultancy.jpg","datePublished":"2023-10-10T12:27:21+00:00","dateModified":"2023-10-13T11:01:14+00:00","breadcrumb":{"@id":"http:\/\/vbi.hr\/hr\/consultancy\/#breadcrumb"},"inLanguage":"hr","potentialAction":[{"@type":"ReadAction","target":["http:\/\/vbi.hr\/hr\/consultancy\/"]}]},{"@type":"ImageObject","inLanguage":"hr","@id":"http:\/\/vbi.hr\/hr\/consultancy\/#primaryimage","url":"http:\/\/vbi.hr\/wp-content\/uploads\/2023\/10\/Consultancy.jpg","contentUrl":"http:\/\/vbi.hr\/wp-content\/uploads\/2023\/10\/Consultancy.jpg","width":1064,"height":710},{"@type":"BreadcrumbList","@id":"http:\/\/vbi.hr\/hr\/consultancy\/#breadcrumb","itemListElement":[{"@type":"ListItem","position":1,"name":"Home","item":"http:\/\/vbi.hr\/hr\/"},{"@type":"ListItem","position":2,"name":"Konzalting"}]},{"@type":"WebSite","@id":"https:\/\/vbi.hr\/#website","url":"https:\/\/vbi.hr\/","name":"VB International d.o.o.","description":"","publisher":{"@id":"https:\/\/vbi.hr\/#organization"},"potentialAction":[{"@type":"SearchAction","target":{"@type":"EntryPoint","urlTemplate":"https:\/\/vbi.hr\/?s={search_term_string}"},"query-input":{"@type":"PropertyValueSpecification","valueRequired":true,"valueName":"search_term_string"}}],"inLanguage":"hr"},{"@type":"Organization","@id":"https:\/\/vbi.hr\/#organization","name":"VB International d.o.o.","url":"https:\/\/vbi.hr\/","logo":{"@type":"ImageObject","inLanguage":"hr","@id":"https:\/\/vbi.hr\/#\/schema\/logo\/image\/","url":"https:\/\/vbi.hr\/wp-content\/uploads\/2023\/11\/vbi-logo.svg","contentUrl":"https:\/\/vbi.hr\/wp-content\/uploads\/2023\/11\/vbi-logo.svg","width":1,"height":1,"caption":"VB International d.o.o."},"image":{"@id":"https:\/\/vbi.hr\/#\/schema\/logo\/image\/"},"sameAs":["https:\/\/www.facebook.com\/profile.php?id=61551015485419","https:\/\/www.instagram.com\/vb.international\/","https:\/\/www.linkedin.com\/company\/vbinternational\/"]}]}},"_links":{"self":[{"href":"http:\/\/vbi.hr\/hr\/wp-json\/wp\/v2\/pages\/214","targetHints":{"allow":["GET"]}}],"collection":[{"href":"http:\/\/vbi.hr\/hr\/wp-json\/wp\/v2\/pages"}],"about":[{"href":"http:\/\/vbi.hr\/hr\/wp-json\/wp\/v2\/types\/page"}],"author":[{"embeddable":true,"href":"http:\/\/vbi.hr\/hr\/wp-json\/wp\/v2\/users\/1"}],"replies":[{"embeddable":true,"href":"http:\/\/vbi.hr\/hr\/wp-json\/wp\/v2\/comments?post=214"}],"version-history":[{"count":5,"href":"http:\/\/vbi.hr\/hr\/wp-json\/wp\/v2\/pages\/214\/revisions"}],"predecessor-version":[{"id":263,"href":"http:\/\/vbi.hr\/hr\/wp-json\/wp\/v2\/pages\/214\/revisions\/263"}],"wp:featuredmedia":[{"embeddable":true,"href":"http:\/\/vbi.hr\/hr\/wp-json\/wp\/v2\/media\/230"}],"wp:attachment":[{"href":"http:\/\/vbi.hr\/hr\/wp-json\/wp\/v2\/media?parent=214"}],"curies":[{"name":"wp","href":"https:\/\/api.w.org\/{rel}","templated":true}]}}